{"id":20554,"date":"2026-03-20T17:19:24","date_gmt":"2026-03-20T16:19:24","guid":{"rendered":"https:\/\/www.labospa.ch\/?page_id=20554"},"modified":"2026-04-11T12:22:12","modified_gmt":"2026-04-11T10:22:12","slug":"membership","status":"publish","type":"page","link":"https:\/\/www.labospa.ch\/en\/mitgliedschaft\/","title":{"rendered":"Membership"},"content":{"rendered":"\t\t<div data-elementor-type=\"wp-page\" data-elementor-id=\"20554\" class=\"elementor elementor-20554\" data-elementor-post-type=\"page\">\n\t\t\t\t<div class=\"elementor-element elementor-element-9f35025 e-flex e-con-boxed e-con e-parent\" data-id=\"9f35025\" data-element_type=\"container\" data-e-type=\"container\">\n\t\t\t\t\t<div class=\"e-con-inner\">\n\t\t\t\t<div class=\"elementor-element elementor-element-f0932a7 elementor-widget elementor-widget-heading\" data-id=\"f0932a7\" data-element_type=\"widget\" data-e-type=\"widget\" data-widget_type=\"heading.default\">\n\t\t\t\t<div class=\"elementor-widget-container\">\n\t\t\t\t\t<h1 class=\"elementor-heading-title elementor-size-default\">Behandlungspakete<\/h1>\t\t\t\t<\/div>\n\t\t\t\t<\/div>\n\t\t<div class=\"elementor-element elementor-element-6ed9eb8 e-con-full e-flex e-con e-child\" data-id=\"6ed9eb8\" data-element_type=\"container\" data-e-type=\"container\">\n\t\t\t\t<div class=\"elementor-element elementor-element-729ec5d elementor-widget elementor-widget-image\" data-id=\"729ec5d\" data-element_type=\"widget\" data-e-type=\"widget\" data-widget_type=\"image.default\">\n\t\t\t\t<div class=\"elementor-widget-container\">\n\t\t\t\t\t\t\t\t\t\t\t\t\t\t\t<img fetchpriority=\"high\" decoding=\"async\" width=\"1080\" height=\"720\" src=\"https:\/\/www.labospa.ch\/wp-content\/uploads\/duo-behandlungen-1.png\" class=\"attachment-full size-full wp-image-20456\" alt=\"\" srcset=\"https:\/\/www.labospa.ch\/wp-content\/uploads\/duo-behandlungen-1.png 1080w, https:\/\/www.labospa.ch\/wp-content\/uploads\/duo-behandlungen-1-300x200.png 300w, https:\/\/www.labospa.ch\/wp-content\/uploads\/duo-behandlungen-1-1024x683.png 1024w, https:\/\/www.labospa.ch\/wp-content\/uploads\/duo-behandlungen-1-768x512.png 768w, https:\/\/www.labospa.ch\/wp-content\/uploads\/duo-behandlungen-1-18x12.png 18w\" sizes=\"(max-width: 1080px) 100vw, 1080px\" \/>\t\t\t\t\t\t\t\t\t\t\t\t\t\t\t<\/div>\n\t\t\t\t<\/div>\n\t\t<div class=\"elementor-element elementor-element-08e8ebe e-con-full e-flex e-con e-child\" data-id=\"08e8ebe\" data-element_type=\"container\" data-e-type=\"container\">\n\t\t\t\t<div class=\"elementor-element elementor-element-2638a77 elementor-widget elementor-widget-text-editor\" data-id=\"2638a77\" data-element_type=\"widget\" data-e-type=\"widget\" data-widget_type=\"text-editor.default\">\n\t\t\t\t<div class=\"elementor-widget-container\">\n\t\t\t\t\t\t\t\t\t<h3>Unsere Behandlungspakete wurden entwickelt, um sichtbare Resultate mit nachhaltiger Wirkung zu erzielen.<\/h3><p>Durch die Kombination aus regelm\u00e4ssigen Behandlungen und gezielter Heimpflege erm\u00f6glichen sie eine kontinuierliche Verbesserung der Hautqualit\u00e4t sowie ein ganzheitliches Wohlbefinden.<\/p><p>Neben einem strukturierten Behandlungsplan profitieren Sie zudem von attraktiven Preisvorteilen im Vergleich zur Einzelbuchung.<\/p>\t\t\t\t\t\t\t\t<\/div>\n\t\t\t\t<\/div>\n\t\t\t\t<\/div>\n\t\t\t\t<\/div>\n\t\t\t\t\t<\/div>\n\t\t\t\t<\/div>\n\t\t<div class=\"elementor-element elementor-element-fefc1fe e-flex e-con-boxed e-con e-parent\" data-id=\"fefc1fe\" data-element_type=\"container\" data-e-type=\"container\" data-settings=\"{&quot;background_background&quot;:&quot;classic&quot;}\">\n\t\t\t\t\t<div class=\"e-con-inner\">\n\t\t<div class=\"elementor-element elementor-element-97a9ba8 e-con-full e-flex e-con e-child\" data-id=\"97a9ba8\" data-element_type=\"container\" data-e-type=\"container\">\n\t\t\t\t<div class=\"elementor-element elementor-element-3be9a7f elementor-widget elementor-widget-heading\" data-id=\"3be9a7f\" data-element_type=\"widget\" data-e-type=\"widget\" data-widget_type=\"heading.default\">\n\t\t\t\t<div class=\"elementor-widget-container\">\n\t\t\t\t\t<h2 class=\"elementor-heading-title elementor-size-default\">Facials<\/h2>\t\t\t\t<\/div>\n\t\t\t\t<\/div>\n\t\t\t\t<div class=\"elementor-element elementor-element-9289e73 elementor-widget elementor-widget-text-editor\" data-id=\"9289e73\" data-element_type=\"widget\" data-e-type=\"widget\" data-widget_type=\"text-editor.default\">\n\t\t\t\t<div class=\"elementor-widget-container\">\n\t\t\t\t\t\t\t\t\t<p>Unsere Gesichtsbehandlungen kombinieren modernste Wirkstoffkosmetik mit pr\u00e4zisen Behandlungstechniken f\u00fcr sichtbare und nachhaltige Resultate. In Form eines Pakets wird die Haut gezielt aufgebaut, regeneriert und langfristig gest\u00e4rkt.<\/p><h4>Collagen Facial \u2013 90 Minuten (8 Behandlungen)<\/h4><p>F\u00f6rdert die Kollagenproduktion und verbessert sichtbar Festigkeit und Hautstruktur.<br \/>Paketpreis: CHF 1\u2019800.00 | Originalpreis: CHF 2\u2019000.00<\/p><h4>Swiss Bright Facial \u2013 75 Minuten (8 Behandlungen)<\/h4><p>Sorgt f\u00fcr einen ebenm\u00e4ssigen Teint und neue Strahlkraft.<br \/><strong>Paketpreis:<\/strong> CHF 1\u2019610.00 | <strong>Originalpreis:<\/strong> CHF 1\u2019840.00<\/p><h4>Swiss Lifting Facial \u2013 75 Minuten (8 Behandlungen)<\/h4><p>Strafft die Haut und definiert die Gesichtskonturen.<br \/><strong>Paketpreis<\/strong>: CHF 1\u2019610.00 | <strong>Originalpreis<\/strong>: CHF 1\u2019840.00<\/p><h4>Microneedling Paket \u2013 4 Behandlungen inkl. Hyaluronic Booster (30ml)<\/h4><p>Stimuliert die Hauterneuerung und verbessert nachhaltig Struktur und Spannkraft. Inklusive Hyaluronic Booster zur Heimanwendung f\u00fcr optimierte und langanhaltende Resultate.<br \/><strong>Paketpreis:<\/strong> CHF 1\u2019000.00 | <strong>Originalpreis:<\/strong> CHF 1\u2019118.00<\/p>\t\t\t\t\t\t\t\t<\/div>\n\t\t\t\t<\/div>\n\t\t\t\t<div class=\"elementor-element elementor-element-a5fa12f elementor-widget-mobile__width-initial elementor-widget elementor-widget-button\" data-id=\"a5fa12f\" data-element_type=\"widget\" data-e-type=\"widget\" data-widget_type=\"button.default\">\n\t\t\t\t<div class=\"elementor-widget-container\">\n\t\t\t\t\t\t\t\t\t<div class=\"elementor-button-wrapper\">\n\t\t\t\t\t<a class=\"elementor-button elementor-button-link elementor-size-sm\" href=\"https:\/\/www.labospa.ch\/termin-anfragen\/\">\n\t\t\t\t\t\t<span class=\"elementor-button-content-wrapper\">\n\t\t\t\t\t\t\t\t\t<span class=\"elementor-button-text\">Termin anfragen<\/span>\n\t\t\t\t\t<\/span>\n\t\t\t\t\t<\/a>\n\t\t\t\t<\/div>\n\t\t\t\t\t\t\t\t<\/div>\n\t\t\t\t<\/div>\n\t\t\t\t<\/div>\n\t\t<div class=\"elementor-element elementor-element-207f5a5 e-con-full e-flex e-con e-child\" data-id=\"207f5a5\" data-element_type=\"container\" data-e-type=\"container\">\n\t\t\t\t<div class=\"elementor-element elementor-element-5dca0ab elementor-widget elementor-widget-image\" data-id=\"5dca0ab\" data-element_type=\"widget\" data-e-type=\"widget\" data-settings=\"{&quot;sticky&quot;:&quot;top&quot;,&quot;sticky_offset&quot;:220,&quot;sticky_parent&quot;:&quot;yes&quot;,&quot;sticky_on&quot;:[&quot;desktop&quot;,&quot;tablet&quot;],&quot;sticky_effects_offset&quot;:0,&quot;sticky_anchor_link_offset&quot;:0}\" data-widget_type=\"image.default\">\n\t\t\t\t<div class=\"elementor-widget-container\">\n\t\t\t\t\t\t\t\t\t\t\t\t\t\t\t<img decoding=\"async\" width=\"800\" height=\"534\" src=\"https:\/\/www.labospa.ch\/wp-content\/uploads\/beauty-behandlungen-1-1024x683.png\" class=\"attachment-large size-large wp-image-20455\" alt=\"\" srcset=\"https:\/\/www.labospa.ch\/wp-content\/uploads\/beauty-behandlungen-1-1024x683.png 1024w, https:\/\/www.labospa.ch\/wp-content\/uploads\/beauty-behandlungen-1-300x200.png 300w, https:\/\/www.labospa.ch\/wp-content\/uploads\/beauty-behandlungen-1-768x512.png 768w, https:\/\/www.labospa.ch\/wp-content\/uploads\/beauty-behandlungen-1-18x12.png 18w, https:\/\/www.labospa.ch\/wp-content\/uploads\/beauty-behandlungen-1.png 1080w\" sizes=\"(max-width: 800px) 100vw, 800px\" \/>\t\t\t\t\t\t\t\t\t\t\t\t\t\t\t<\/div>\n\t\t\t\t<\/div>\n\t\t\t\t<\/div>\n\t\t\t\t\t<\/div>\n\t\t\t\t<\/div>\n\t\t<div class=\"elementor-element elementor-element-76a0aac e-flex e-con-boxed e-con e-parent\" data-id=\"76a0aac\" data-element_type=\"container\" data-e-type=\"container\" data-settings=\"{&quot;background_background&quot;:&quot;classic&quot;}\">\n\t\t\t\t\t<div class=\"e-con-inner\">\n\t\t<div class=\"elementor-element elementor-element-d4a3f3b e-con-full e-flex e-con e-child\" data-id=\"d4a3f3b\" data-element_type=\"container\" data-e-type=\"container\">\n\t\t\t\t<div class=\"elementor-element elementor-element-55d583e elementor-widget elementor-widget-heading\" data-id=\"55d583e\" data-element_type=\"widget\" data-e-type=\"widget\" data-widget_type=\"heading.default\">\n\t\t\t\t<div class=\"elementor-widget-container\">\n\t\t\t\t\t<h2 class=\"elementor-heading-title elementor-size-default\">Signature Treatments<\/h2>\t\t\t\t<\/div>\n\t\t\t\t<\/div>\n\t\t\t\t<div class=\"elementor-element elementor-element-b8b1326 elementor-widget elementor-widget-text-editor\" data-id=\"b8b1326\" data-element_type=\"widget\" data-e-type=\"widget\" data-widget_type=\"text-editor.default\">\n\t\t\t\t<div class=\"elementor-widget-container\">\n\t\t\t\t\t\t\t\t\t<h4>Swiss Silhouette \u2013 60 Minuten (8 Behandlungen)<\/h4><p>Eine gezielte High-Performance K\u00f6rperbehandlung zur sichtbaren Straffung und Formung der Silhouette. Die Haut gewinnt an Festigkeit, Elastizit\u00e4t und Definition.<\/p><p>Erg\u00e4nzt wird das Behandlungskonzept durch das Swissline Cell Shock Body Shaping and Lifting Complex, welches im Paket enthalten ist und die Resultate durch die Heimanwendung nachhaltig unterst\u00fctzt.<\/p><p><strong>Paketpreis<\/strong>: CHF 1\u2019330.00 | <strong>Originalpreis<\/strong>: CHF 1\u2019632.00<\/p>\t\t\t\t\t\t\t\t<\/div>\n\t\t\t\t<\/div>\n\t\t\t\t<div class=\"elementor-element elementor-element-39188d3 elementor-widget-mobile__width-initial elementor-widget elementor-widget-button\" data-id=\"39188d3\" data-element_type=\"widget\" data-e-type=\"widget\" data-widget_type=\"button.default\">\n\t\t\t\t<div class=\"elementor-widget-container\">\n\t\t\t\t\t\t\t\t\t<div class=\"elementor-button-wrapper\">\n\t\t\t\t\t<a class=\"elementor-button elementor-button-link elementor-size-sm\" href=\"https:\/\/www.labospa.ch\/termin-anfragen\/\">\n\t\t\t\t\t\t<span class=\"elementor-button-content-wrapper\">\n\t\t\t\t\t\t\t\t\t<span class=\"elementor-button-text\">Termin anfragen<\/span>\n\t\t\t\t\t<\/span>\n\t\t\t\t\t<\/a>\n\t\t\t\t<\/div>\n\t\t\t\t\t\t\t\t<\/div>\n\t\t\t\t<\/div>\n\t\t\t\t<\/div>\n\t\t<div class=\"elementor-element elementor-element-8af313d e-con-full e-flex e-con e-child\" data-id=\"8af313d\" data-element_type=\"container\" data-e-type=\"container\">\n\t\t\t\t<div class=\"elementor-element elementor-element-962dc38 elementor-widget elementor-widget-image\" data-id=\"962dc38\" data-element_type=\"widget\" data-e-type=\"widget\" data-settings=\"{&quot;sticky&quot;:&quot;top&quot;,&quot;sticky_offset&quot;:220,&quot;sticky_parent&quot;:&quot;yes&quot;,&quot;sticky_on&quot;:[&quot;desktop&quot;,&quot;tablet&quot;],&quot;sticky_effects_offset&quot;:0,&quot;sticky_anchor_link_offset&quot;:0}\" data-widget_type=\"image.default\">\n\t\t\t\t<div class=\"elementor-widget-container\">\n\t\t\t\t\t\t\t\t\t\t\t\t\t\t\t<img decoding=\"async\" width=\"800\" height=\"534\" src=\"https:\/\/www.labospa.ch\/wp-content\/uploads\/extras-1-1024x683.png\" class=\"attachment-large size-large wp-image-20457\" alt=\"\" srcset=\"https:\/\/www.labospa.ch\/wp-content\/uploads\/extras-1-1024x683.png 1024w, https:\/\/www.labospa.ch\/wp-content\/uploads\/extras-1-300x200.png 300w, https:\/\/www.labospa.ch\/wp-content\/uploads\/extras-1-768x512.png 768w, https:\/\/www.labospa.ch\/wp-content\/uploads\/extras-1-18x12.png 18w, https:\/\/www.labospa.ch\/wp-content\/uploads\/extras-1.png 1080w\" sizes=\"(max-width: 800px) 100vw, 800px\" \/>\t\t\t\t\t\t\t\t\t\t\t\t\t\t\t<\/div>\n\t\t\t\t<\/div>\n\t\t\t\t<\/div>\n\t\t\t\t\t<\/div>\n\t\t\t\t<\/div>\n\t\t<div class=\"elementor-element elementor-element-86687cd e-flex e-con-boxed e-con e-parent\" data-id=\"86687cd\" data-element_type=\"container\" data-e-type=\"container\" data-settings=\"{&quot;background_background&quot;:&quot;classic&quot;}\">\n\t\t\t\t\t<div class=\"e-con-inner\">\n\t\t<div class=\"elementor-element elementor-element-d68ed70 e-con-full e-flex e-con e-child\" data-id=\"d68ed70\" data-element_type=\"container\" data-e-type=\"container\">\n\t\t\t\t<div class=\"elementor-element elementor-element-f207903 elementor-widget elementor-widget-heading\" data-id=\"f207903\" data-element_type=\"widget\" data-e-type=\"widget\" data-widget_type=\"heading.default\">\n\t\t\t\t<div class=\"elementor-widget-container\">\n\t\t\t\t\t<h2 class=\"elementor-heading-title elementor-size-default\">Massagen<\/h2>\t\t\t\t<\/div>\n\t\t\t\t<\/div>\n\t\t\t\t<div class=\"elementor-element elementor-element-46c4716 elementor-widget elementor-widget-text-editor\" data-id=\"46c4716\" data-element_type=\"widget\" data-e-type=\"widget\" data-widget_type=\"text-editor.default\">\n\t\t\t\t<div class=\"elementor-widget-container\">\n\t\t\t\t\t\t\t\t\t<h4><span style=\"font-weight: 400;\">Swedish Massage \u2013 60 Minuten (11 Behandlungen)<\/span><\/h4><p>Klassische Massage zur Lockerung der Muskulatur und F\u00f6rderung der Durchblutung.<br \/><strong>Paketpreis<\/strong>: CHF 1\u2019750.00 | <strong>Originalpreis<\/strong>: CHF 1\u2019925.00<\/p><h4>Swedish Massage \u2013 90 Minuten (11 Behandlungen)<\/h4><p><strong>Paketpreis<\/strong>: CHF 2\u2019400.00 | <strong>Originalpreis<\/strong>: CHF 2\u2019640.00<\/p><h4>Aroma Therapy Massage \u2013 60 Minuten (11 Behandlungen)<\/h4><p>Mit \u00e4therischen \u00d6len f\u00fcr tiefe Entspannung und Ausgleich.<br \/><strong>Paketpreis<\/strong>: CHF 1\u2019750.00 | <strong>Originalpreis<\/strong>: CHF 1\u2019925.00<\/p><h4>Aroma Therapy Massage \u2013 90 Minuten (11 Behandlungen)<\/h4><p><strong>Paketpreis<\/strong>: CHF 2\u2019400.00 | <strong>Originalpreis<\/strong>: CHF 2\u2019640.00<\/p><h4>Lymphatic Drainage \u2013 60 Minuten (11 Behandlungen)<\/h4><p>Sanfte Aktivierung des Lymphsystems zur Entgiftung und Entlastung.<br \/><strong>Paketpreis<\/strong>: CHF 1\u2019750.00 | <strong>Originalpreis<\/strong>: CHF 1\u2019925.00<\/p><h4>Lymphatic Drainage \u2013 90 Minuten (11 Behandlungen)<\/h4><p><strong>Paketpreis<\/strong>: CHF 2\u2019400.00 | <strong>Originalpreis<\/strong>: CHF 2\u2019640.00<\/p><h4>Thai Deep Tissue Massage \u2013 60 Minuten (11 Behandlungen)<\/h4><p>Intensive Behandlung zur L\u00f6sung tiefsitzender Verspannungen.<br \/><strong>Paketpreis<\/strong>: CHF 1\u2019800.00 | <strong>Originalpreis<\/strong>: CHF 1\u2019980.00<\/p><h4>Thai Deep Tissue \u2013 90 Minuten (11 Behandlungen)<\/h4><p><strong>Paketpreis<\/strong>: CHF 2\u2019500.00 | <strong>Originalpreis<\/strong>: CHF 2\u2019750.00<\/p><h4>Abhyanga Massage \u2013 90 Minuten (11 Behandlungen)<\/h4><p>Ayurvedische \u00d6lmassage f\u00fcr tiefe Regeneration und innere Balance.<br \/><strong>Paketpreis<\/strong>: CHF 2\u2019400.00 | <strong>Originalpreis<\/strong>: CHF 2\u2019640.00<\/p><h4>Back in Shape Massage \u2013 60 Minuten (11 Behandlungen)<\/h4><p>Gezielte Entlastung von R\u00fccken, Nacken und Schultern.<br \/><strong>Paketpreis<\/strong>: CHF 1\u2019750.00 | <strong>Originalpreis<\/strong>: CHF 1\u2019925.00<\/p><h4>Inner Strength \u2013 90 Minuten (11 Behandlungen)<\/h4><p>Ganzheitliche Behandlung zur F\u00f6rderung von Energie und innerer Ruhe.<br \/><strong>Paketpreis<\/strong>: CHF 2\u2019400.00 | <strong>Originalpreis<\/strong>: CHF 2\u2019640.00<\/p><h4>Kobido Face Massage \u2013 60 Minuten (11 Behandlungen)<\/h4><p>Japanische Gesichtsmassage mit nat\u00fcrlichem Lifting-Effekt.<br \/><strong>Paketpreis<\/strong>: CHF 1\u2019750.00 | <strong>Originalpreis<\/strong>: CHF 1\u2019925.00<\/p>\t\t\t\t\t\t\t\t<\/div>\n\t\t\t\t<\/div>\n\t\t\t\t<div class=\"elementor-element elementor-element-ff05ab9 elementor-widget-mobile__width-initial elementor-widget elementor-widget-button\" data-id=\"ff05ab9\" data-element_type=\"widget\" data-e-type=\"widget\" data-widget_type=\"button.default\">\n\t\t\t\t<div class=\"elementor-widget-container\">\n\t\t\t\t\t\t\t\t\t<div class=\"elementor-button-wrapper\">\n\t\t\t\t\t<a class=\"elementor-button elementor-button-link elementor-size-sm\" href=\"https:\/\/www.labospa.ch\/termin-anfragen\/\">\n\t\t\t\t\t\t<span class=\"elementor-button-content-wrapper\">\n\t\t\t\t\t\t\t\t\t<span class=\"elementor-button-text\">Termin anfragen<\/span>\n\t\t\t\t\t<\/span>\n\t\t\t\t\t<\/a>\n\t\t\t\t<\/div>\n\t\t\t\t\t\t\t\t<\/div>\n\t\t\t\t<\/div>\n\t\t\t\t<\/div>\n\t\t<div class=\"elementor-element elementor-element-61e09eb e-con-full e-flex e-con e-child\" data-id=\"61e09eb\" data-element_type=\"container\" data-e-type=\"container\">\n\t\t\t\t<div class=\"elementor-element elementor-element-76572e5 elementor-widget elementor-widget-image\" data-id=\"76572e5\" data-element_type=\"widget\" data-e-type=\"widget\" data-settings=\"{&quot;sticky&quot;:&quot;top&quot;,&quot;sticky_offset&quot;:220,&quot;sticky_parent&quot;:&quot;yes&quot;,&quot;sticky_on&quot;:[&quot;desktop&quot;,&quot;tablet&quot;],&quot;sticky_effects_offset&quot;:0,&quot;sticky_anchor_link_offset&quot;:0}\" data-widget_type=\"image.default\">\n\t\t\t\t<div class=\"elementor-widget-container\">\n\t\t\t\t\t\t\t\t\t\t\t\t\t\t\t<img loading=\"lazy\" decoding=\"async\" width=\"800\" height=\"534\" src=\"https:\/\/www.labospa.ch\/wp-content\/uploads\/koerperbehandlungen-1-1024x683.png\" class=\"attachment-large size-large wp-image-20459\" alt=\"\" srcset=\"https:\/\/www.labospa.ch\/wp-content\/uploads\/koerperbehandlungen-1-1024x683.png 1024w, https:\/\/www.labospa.ch\/wp-content\/uploads\/koerperbehandlungen-1-300x200.png 300w, https:\/\/www.labospa.ch\/wp-content\/uploads\/koerperbehandlungen-1-768x512.png 768w, https:\/\/www.labospa.ch\/wp-content\/uploads\/koerperbehandlungen-1-18x12.png 18w, https:\/\/www.labospa.ch\/wp-content\/uploads\/koerperbehandlungen-1.png 1080w\" sizes=\"(max-width: 800px) 100vw, 800px\" \/>\t\t\t\t\t\t\t\t\t\t\t\t\t\t\t<\/div>\n\t\t\t\t<\/div>\n\t\t\t\t<\/div>\n\t\t\t\t\t<\/div>\n\t\t\t\t<\/div>\n\t\t\t\t<\/div>\n\t\t","protected":false},"excerpt":{"rendered":"<p>Behandlungspakete Unsere Behandlungspakete wurden entwickelt, um sichtbare Resultate mit nachhaltiger Wirkung zu erzielen. Durch die Kombination aus regelm\u00e4ssigen Behandlungen und gezielter Heimpflege erm\u00f6glichen sie eine kontinuierliche Verbesserung der Hautqualit\u00e4t sowie ein ganzheitliches Wohlbefinden. Neben einem strukturierten Behandlungsplan profitieren Sie zudem von attraktiven Preisvorteilen im Vergleich zur Einzelbuchung. Facials Unsere Gesichtsbehandlungen kombinieren modernste Wirkstoffkosmetik mit pr\u00e4zisen [&hellip;]<\/p>\n","protected":false},"author":2,"featured_media":0,"parent":0,"menu_order":0,"comment_status":"closed","ping_status":"closed","template":"","meta":{"_acf_changed":false,"footnotes":""},"class_list":["post-20554","page","type-page","status-publish","hentry"],"acf":[],"_links":{"self":[{"href":"https:\/\/www.labospa.ch\/en\/wp-json\/wp\/v2\/pages\/20554","targetHints":{"allow":["GET"]}}],"collection":[{"href":"https:\/\/www.labospa.ch\/en\/wp-json\/wp\/v2\/pages"}],"about":[{"href":"https:\/\/www.labospa.ch\/en\/wp-json\/wp\/v2\/types\/page"}],"author":[{"embeddable":true,"href":"https:\/\/www.labospa.ch\/en\/wp-json\/wp\/v2\/users\/2"}],"replies":[{"embeddable":true,"href":"https:\/\/www.labospa.ch\/en\/wp-json\/wp\/v2\/comments?post=20554"}],"version-history":[{"count":134,"href":"https:\/\/www.labospa.ch\/en\/wp-json\/wp\/v2\/pages\/20554\/revisions"}],"predecessor-version":[{"id":20962,"href":"https:\/\/www.labospa.ch\/en\/wp-json\/wp\/v2\/pages\/20554\/revisions\/20962"}],"wp:attachment":[{"href":"https:\/\/www.labospa.ch\/en\/wp-json\/wp\/v2\/media?parent=20554"}],"curies":[{"name":"wp","href":"https:\/\/api.w.org\/{rel}","templated":true}]}}