{"id":158,"date":"2025-09-09T15:35:24","date_gmt":"2025-09-09T13:35:24","guid":{"rendered":"https:\/\/www.labospa.ch\/?page_id=158"},"modified":"2026-03-23T15:45:32","modified_gmt":"2026-03-23T14:45:32","slug":"data-protection","status":"publish","type":"page","link":"https:\/\/www.labospa.ch\/en\/datenschutz\/","title":{"rendered":"Privacy Policy"},"content":{"rendered":"<div data-elementor-type=\"wp-page\" data-elementor-id=\"158\" class=\"elementor elementor-158\" data-elementor-post-type=\"page\">\n\t\t\t\t<div class=\"elementor-element elementor-element-7ee6549f e-flex e-con-boxed e-con e-parent\" data-id=\"7ee6549f\" data-element_type=\"container\" data-e-type=\"container\">\n\t\t\t\t\t<div class=\"e-con-inner\">\n\t\t\t\t<div class=\"elementor-element elementor-element-545808e h2 elementor-widget elementor-widget-heading\" data-id=\"545808e\" data-element_type=\"widget\" data-e-type=\"widget\" data-widget_type=\"heading.default\">\n\t\t\t\t<div class=\"elementor-widget-container\">\n\t\t\t\t\t<h1 class=\"elementor-heading-title elementor-size-default\">Privacy Policy<\/h1>\t\t\t\t<\/div>\n\t\t\t\t<\/div>\n\t\t\t\t<div class=\"elementor-element elementor-element-126f42a6 elementor-widget elementor-widget-text-editor\" data-id=\"126f42a6\" data-element_type=\"widget\" data-e-type=\"widget\" data-widget_type=\"text-editor.default\">\n\t\t\t\t<div class=\"elementor-widget-container\">\n\t\t\t\t\t\t\t\t\t<p>This privacy policy describes how we (LABO AG) collect, store and use information about individual visitors to this website.<\/p><p><strong>By visiting this website, you agree that information may be collected and used as described in this Privacy Policy. You further acknowledge that LABO AG may change, add, remove or otherwise revise this Privacy Policy from time to time at its sole discretion and without prior notice.<\/strong><\/p><p>However, we will at all times treat your personal information in accordance with the version of the Privacy Policy in force at the time such information was collected. We intend to post changes to our privacy policy on this page so that you are fully aware of the types of information we collect, how we use it and under what circumstances it may be disclosed.<\/p><p><strong>Commitment to data protection<\/strong><br \/>The term \u201epersonal data\u201c as used in this privacy policy includes information that can be used to identify you personally, including your name, date of birth, e-mail address, postal address or telephone number. In principle, we will NOT use any of your personal data (exception: information provided when purchasing services from LABO AG). Should we exceptionally collect personal data from you, we will only use it as described in this privacy policy. However, we reserve the right to make additional use of this data if this is permitted or required by law or is necessary to support legal or criminal investigations. In the following sections, we explain how and when we collect personal data from you.<\/p><p><strong>Purposes of use of personal data<\/strong><br \/>No registration is required for our services, so you can visit our website without telling us who you are. For some services, however, it may be necessary for you to provide personal data (e.g. entering your e-mail address for the purpose of receiving the audit report). In such a case, if you choose not to provide personal data requested by us, you may not be able to use certain areas of the website or we may not be able to respond to a request from you. We collect and use your personal data, for example, to provide you with services (e.g. sending you the audit report), to invoice you for services you have ordered or for other purposes that are evident from the circumstances.<\/p><p><strong>Non-disclosure of personal data<\/strong><br \/>We will not sell, share or otherwise distribute your personal information to third parties except as described in this Privacy Policy.<\/p><p>Your personal data may be disclosed to third parties acting for us or on our behalf for further processing in accordance with the purpose(s) for which the data was originally collected or for other legally permissible purposes, for example to evaluate the usefulness of this website or for statistical purposes.<br \/>Personal information collected from you may be transferred to third parties in the event that all or part of the business of this website, including the associated customer data, is sold, assigned or transferred. In this case, we would require the buyer, assignee or transferee to treat personal information in accordance with this Privacy Policy. Personal data may also be disclosed to third parties if we are obliged to do so by law, court order or official regulations or if this is necessary to support criminal or legal investigations or other legal investigations or proceedings at home or abroad.<\/p><p><strong>Contradiction<\/strong><br \/>When we process your personal data, we take reasonable steps to ensure that your data is accurate and up to date for the purposes for which it was collected. We will give you the opportunity to object to the processing of your personal data where there is no legitimate business purpose for such processing under this Privacy Policy or applicable law. If you wish to contact us regarding our use of your personal data, please contact us at <a href=\"https:\/\/www.labospa.ch\/en\/contact\/\">Contact<\/a> with us.<\/p><p><strong>Data transfer abroad<\/strong><br \/>We may transfer your data to a database that may be located outside your country of residence.<\/p><p><strong>Cookies and internet tags<\/strong><br \/>We may collect and process information about your visit to this website, such as the pages you visit, the website from which you came to our website and the searches you carry out. We use this information to improve the content of the website and to compile statistics for internal market analysis purposes about individual use of the website. For this purpose, LABO AG may install so-called cookies, which register your domain name, your internet provider, your operating system and the date and time of your visit to the website. A cookie is a small piece of information that is sent to your browser and stored on your computer's hard disk. Cookies do not harm your computer. You can set your browser to display a message on the screen when a cookie arrives so that you can decide whether or not to install the cookie on your hard disk. However, we would like to point out that you may not be able to use all the functions of your browser if you do not accept cookies.<\/p><p><strong>Google Analytics<\/strong><br \/>We use Google Analytics to streamline our website portfolio (i) by optimizing traffic to and between company websites and (ii) where appropriate, by integrating and optimizing web pages. Google Analytics is a web analytics service provided by Google Inc (hereinafter: Google). Google Analytics generates detailed statistics about the traffic of a website and its origin and measures conversions and sales. Google Analytics uses so-called cookies, which are stored on your computer and enable your use of the website to be analyzed.<\/p><p>The information obtained by the cookies about your use of the website, including your IP address, is anonymized by using the appropriate settings (\u00ab_anonymizelp()\u00bb or equivalent function) and transmitted to Google servers in the USA. Further information on how IP anonymization works can be found at <a href=\"https:\/\/support.google.com\/analytics\/answer\/2763052\" target=\"_blank\" rel=\"noopener noreferrer nofollow\">https:\/\/support.google.com\/analytics\/answer\/2763052<\/a>.<\/p><p>Google uses the information obtained from the cookies to evaluate your use of the website on our behalf, to compile reports on website activity and to provide us with these reports for analysis purposes.<br \/>Google may also transfer this information to third parties where required to do so by law, or where such third parties process the information on Google's behalf. Under no circumstances will Google associate your IP address with other data stored by Google.<\/p><p>You can prevent the installation and storage of cookies by setting your browser software accordingly by clicking on the following link <a href=\"https:\/\/tools.google.com\/dlpage\/gaoptout?hl=en\" target=\"_blank\" rel=\"noopener noreferrer nofollow\">https:\/\/tools.google.com\/dlpage\/gaoptout?hl=en<\/a> download and install browser plug-ins available free of charge. However, we would like to point out that in this case you may not be able to use all functions of this website to their full extent.<\/p><p>By using this website, you consent to the processing of any personal data collected about you by Google in the manner and for the purposes set out above.<\/p><p><strong>Links to other websites<\/strong><br \/>This privacy policy applies only to this website and not to websites owned by third parties. We may provide links to other websites that we feel may be of interest to our visitors. We endeavor to ensure that such websites meet the highest standards. However, due to the nature of the internet, it is not possible for us to guarantee the privacy standards of all linked websites or to accept liability for their content. This privacy policy does not apply to linked websites that are not owned and controlled by LABO AG.<\/p><p><strong>Contact<\/strong><br \/>If you have any questions or complaints regarding our compliance with this Privacy Policy, or if you have any recommendations or comments on how we can improve our privacy practices, please contact us at <a href=\"https:\/\/www.labospa.ch\/en\/contact\/\">Contact<\/a> with us.<\/p>\t\t\t\t\t\t\t\t<\/div>\n\t\t\t\t<\/div>\n\t\t\t\t\t<\/div>\n\t\t\t\t<\/div>\n\t\t\t\t<\/div>","protected":false},"excerpt":{"rendered":"<p>Datenschutz Diese Datenschutzerkl\u00e4rung beschreibt, wie wir (LABO AG), Informationen \u00fcber einzelne Besucher dieser Website sammeln, speichern und verwenden. Indem Sie diese Website besuchen, erkl\u00e4ren Sie sich damit einverstanden, dass Informationen gesammelt und verwendet werden k\u00f6nnen wie in dieser Datenschutzerkl\u00e4rung beschrieben. Sie erkennen ausserdem an, das LABO AG diese Datenschutzerkl\u00e4rung in gewissen Abst\u00e4nden nach eigenem Ermessen [&hellip;]<\/p>\n","protected":false},"author":2,"featured_media":0,"parent":0,"menu_order":0,"comment_status":"closed","ping_status":"closed","template":"","meta":{"_acf_changed":false,"footnotes":""},"class_list":["post-158","page","type-page","status-publish","hentry"],"acf":[],"_links":{"self":[{"href":"https:\/\/www.labospa.ch\/en\/wp-json\/wp\/v2\/pages\/158","targetHints":{"allow":["GET"]}}],"collection":[{"href":"https:\/\/www.labospa.ch\/en\/wp-json\/wp\/v2\/pages"}],"about":[{"href":"https:\/\/www.labospa.ch\/en\/wp-json\/wp\/v2\/types\/page"}],"author":[{"embeddable":true,"href":"https:\/\/www.labospa.ch\/en\/wp-json\/wp\/v2\/users\/2"}],"replies":[{"embeddable":true,"href":"https:\/\/www.labospa.ch\/en\/wp-json\/wp\/v2\/comments?post=158"}],"version-history":[{"count":11,"href":"https:\/\/www.labospa.ch\/en\/wp-json\/wp\/v2\/pages\/158\/revisions"}],"predecessor-version":[{"id":20757,"href":"https:\/\/www.labospa.ch\/en\/wp-json\/wp\/v2\/pages\/158\/revisions\/20757"}],"wp:attachment":[{"href":"https:\/\/www.labospa.ch\/en\/wp-json\/wp\/v2\/media?parent=158"}],"curies":[{"name":"wp","href":"https:\/\/api.w.org\/{rel}","templated":true}]}}