{"id":131,"date":"2025-09-09T15:28:47","date_gmt":"2025-09-09T13:28:47","guid":{"rendered":"https:\/\/www.labospa.ch\/?page_id=131"},"modified":"2026-03-24T14:15:00","modified_gmt":"2026-03-24T13:15:00","slug":"contact","status":"publish","type":"page","link":"https:\/\/www.labospa.ch\/en\/kontakt\/","title":{"rendered":"Contact"},"content":{"rendered":"<div data-elementor-type=\"wp-page\" data-elementor-id=\"131\" class=\"elementor elementor-131\" data-elementor-post-type=\"page\">\n\t\t\t\t<div class=\"elementor-element elementor-element-fd4d9dc e-grid e-con-boxed e-con e-parent\" data-id=\"fd4d9dc\" data-element_type=\"container\" data-e-type=\"container\">\n\t\t\t\t\t<div class=\"e-con-inner\">\n\t\t<div class=\"elementor-element elementor-element-8eeca8b e-con-full e-flex e-con e-child\" data-id=\"8eeca8b\" data-element_type=\"container\" data-e-type=\"container\">\n\t\t\t\t<div class=\"elementor-element elementor-element-c8e9db4 h2 elementor-widget elementor-widget-heading\" data-id=\"c8e9db4\" data-element_type=\"widget\" data-e-type=\"widget\" data-widget_type=\"heading.default\">\n\t\t\t\t<div class=\"elementor-widget-container\">\n\t\t\t\t\t<h1 class=\"elementor-heading-title elementor-size-default\">LABO Spa location<\/h1>\t\t\t\t<\/div>\n\t\t\t\t<\/div>\n\t\t\t\t<div class=\"elementor-element elementor-element-6876577 elementor-widget__width-initial elementor-widget elementor-widget-text-editor\" data-id=\"6876577\" data-element_type=\"widget\" data-e-type=\"widget\" data-widget_type=\"text-editor.default\">\n\t\t\t\t<div class=\"elementor-widget-container\">\n\t\t\t\t\t\t\t\t\t<p>We are located in the city center, just a 5-minute walk from Paradeplatz.<\/p><p>By streetcar: Line 2 or 9, between Stauffacher and Paradeplatz, at the Sihlstrasse stop.<\/p><p>By private vehicle: There are numerous parking spaces in Talackerstrasse, Talstrasse and the surrounding streets. The Talgarten-Parking (N\u00fcschelerstrasse), the Jelmoli-Parking (Steinm\u00fchleplatz) or the City-Parking (Gessnerallee) offer further covered parking facilities.<\/p><p>LABO Spa<br \/>Talacker 41 8001 Zurich<br \/>T\u00a0<a href=\"tel:0434973440\">043 497 34 40<\/a>\u00a0<a href=\"mailto:info@labospa.ch\">info@labospa.ch<\/a><\/p><p>Mon. - Fri. 9.15 a.m. to 8.00 p.m.<br \/>Sat. - Sun. 9.15 a.m. to 7.30 p.m.<\/p><p>Telephone hours:<br \/>Mon. - Fri. 10 am to 7 pm<br \/>Sat. - Sun. 10 am to 6.30 pm<\/p>\t\t\t\t\t\t\t\t<\/div>\n\t\t\t\t<\/div>\n\t\t\t\t<\/div>\n\t\t<a class=\"elementor-element elementor-element-46b99e9 e-con-full e-flex e-con e-child\" data-id=\"46b99e9\" data-element_type=\"container\" data-e-type=\"container\" data-settings=\"{&quot;background_background&quot;:&quot;classic&quot;}\" href=\"http:\/\/google.com\/maps?gs_lcrp=EgZjaHJvbWUqBggAEEUYOzIGCAAQRRg7MgoIARAAGIAEGKIEMgoIAhAAGIAEGKIEMgoIAxAAGIAEGKIEMgcIBBAAGO8FMgcIBRAAGO8FMgYIBhBFGDwyBggHEEUYPNIBCDExNzRqMGo3qAIIsAIB8QUkzX9x7uYcwg&#038;um=1&#038;ie=UTF-8&#038;fb=1&#038;gl=be&#038;sa=X&#038;geocode=KQ2lDPYDCpBHMU9_3JTNgArZ&#038;daddr=Talacker+41,+8001+Z%C3%BCrich,+Switzerland\" target=\"_blank\" rel=\"nofollow\">\n\t\t\t\t<\/a>\n\t\t\t\t\t<\/div>\n\t\t\t\t<\/div>\n\t\t\t\t<\/div>","protected":false},"excerpt":{"rendered":"<p>LABO Spa Standort Wir befinden uns im Stadtzentrum, nur 5 Min. Fussweg vom Paradeplatz entfernt. Mit dem Tram: Linie 2 oder 9, zwischen Stauffacher und Paradeplatz, an der Haltestelle Sihlstrasse. Mit dem Privatfahrzeug: In der Talackerstrasse, der Talstrasse und den umliegenden Strassen sind zahlreiche Parkpl\u00e4tze vorhanden. Das Talgarten-Parking (N\u00fcschelerstrasse), das Jelmoli-Parking (Steinm\u00fchleplatz) oder das City-Parking [&hellip;]<\/p>\n","protected":false},"author":2,"featured_media":0,"parent":0,"menu_order":0,"comment_status":"closed","ping_status":"closed","template":"","meta":{"_acf_changed":false,"footnotes":""},"class_list":["post-131","page","type-page","status-publish","hentry"],"acf":[],"_links":{"self":[{"href":"https:\/\/www.labospa.ch\/en\/wp-json\/wp\/v2\/pages\/131","targetHints":{"allow":["GET"]}}],"collection":[{"href":"https:\/\/www.labospa.ch\/en\/wp-json\/wp\/v2\/pages"}],"about":[{"href":"https:\/\/www.labospa.ch\/en\/wp-json\/wp\/v2\/types\/page"}],"author":[{"embeddable":true,"href":"https:\/\/www.labospa.ch\/en\/wp-json\/wp\/v2\/users\/2"}],"replies":[{"embeddable":true,"href":"https:\/\/www.labospa.ch\/en\/wp-json\/wp\/v2\/comments?post=131"}],"version-history":[{"count":56,"href":"https:\/\/www.labospa.ch\/en\/wp-json\/wp\/v2\/pages\/131\/revisions"}],"predecessor-version":[{"id":20803,"href":"https:\/\/www.labospa.ch\/en\/wp-json\/wp\/v2\/pages\/131\/revisions\/20803"}],"wp:attachment":[{"href":"https:\/\/www.labospa.ch\/en\/wp-json\/wp\/v2\/media?parent=131"}],"curies":[{"name":"wp","href":"https:\/\/api.w.org\/{rel}","templated":true}]}}